{"id":32,"date":"2020-09-28T19:48:40","date_gmt":"2020-09-28T19:48:40","guid":{"rendered":"https:\/\/www.elcofrecolecciones.com\/?page_id=32"},"modified":"2022-12-01T19:47:31","modified_gmt":"2022-12-01T19:47:31","slug":"como-ayudarnos","status":"publish","type":"page","link":"https:\/\/elcofrecolecciones.com\/index.php\/como-ayudarnos\/","title":{"rendered":"Como ayudar?"},"content":{"rendered":"<p>[et_pb_section fb_built=\u00bb1&#8243; _builder_version=\u00bb4.16&#8243; _module_preset=\u00bbdefault\u00bb background_color=\u00bb#403d39&#8243; custom_padding=\u00bb47px|||||\u00bb global_colors_info=\u00bb{}\u00bb][et_pb_row _builder_version=\u00bb4.18.0&#8243; _module_preset=\u00bbdefault\u00bb global_colors_info=\u00bb{}\u00bb][et_pb_column type=\u00bb4_4&#8243; _builder_version=\u00bb4.16&#8243; _module_preset=\u00bbdefault\u00bb global_colors_info=\u00bb{}\u00bb][et_pb_text _builder_version=\u00bb4.18.0&#8243; _module_preset=\u00bbdefault\u00bb text_text_color=\u00bb#e02b20&#8243; header_text_color=\u00bb#ccc5b9&#8243; background_color=\u00bbrgba(0,0,0,0)\u00bb header_text_shadow_style=\u00bbpreset1&#8243; global_colors_info=\u00bb{}\u00bb]<\/p>\n<h1>\u00bfComo ayudar?, Es muy f\u00e1cil, podes seguirme en las redes sociales y compartiendo esta web.<\/h1>\n<h1><\/h1>\n<h1><\/h1>\n<h1><\/h1>\n<h1>\u00bfQu\u00e9 otra forma? F\u00e1cil puedes donar a trav\u00e9s de PayPal, no hay un monto establecido ni es un requisito para acceder a las descargas.<\/h1>\n<h1><\/h1>\n<h1><\/h1>\n<h1><\/h1>\n<h1>Porque? De esa manera me ayudas a sustentar los gastos de mantenimiento del sitio y mejorarlo.<\/h1>\n<p>&nbsp;<\/p>\n<h1>\u00a1No olvides! Podes ayudarme enviandome nuevo material para compartir y mejorar la biblioteca.<\/h1>\n<p>&nbsp;<\/p>\n<h1>\u00bfY recuerden, si son generadores de contenido, Instagram, YouTube, etc.\u2026 Tambi\u00e9n podemos compartirlo.<\/h1>\n<p>&nbsp;<\/p>\n<p>[\/et_pb_text][\/et_pb_column][\/et_pb_row][\/et_pb_section][et_pb_section fb_built=\u00bb1&#8243; _builder_version=\u00bb4.16&#8243; _module_preset=\u00bbdefault\u00bb background_color=\u00bb#403d39&#8243; global_colors_info=\u00bb{}\u00bb][et_pb_row _builder_version=\u00bb4.16&#8243; _module_preset=\u00bbdefault\u00bb global_colors_info=\u00bb{}\u00bb][et_pb_column type=\u00bb4_4&#8243; _builder_version=\u00bb4.16&#8243; _module_preset=\u00bbdefault\u00bb global_colors_info=\u00bb{}\u00bb][et_pb_image src=\u00bbhttps:\/\/elcofrecolecciones.com\/wp-content\/uploads\/2021\/01\/image.png\u00bb title_text=\u00bbimage\u00bb url=\u00bbhttps:\/\/www.paypal.com\/donate\/?hosted_button_id=3MDUPUQ7JXN5N\u00bb url_new_window=\u00bbon\u00bb _builder_version=\u00bb4.18.0&#8243; _module_preset=\u00bbdefault\u00bb custom_padding=\u00bb||0px|248px||\u00bb global_colors_info=\u00bb{}\u00bb][\/et_pb_image][\/et_pb_column][\/et_pb_row][\/et_pb_section]<\/p>\n","protected":false},"excerpt":{"rendered":"<p>\u00bfComo ayudar?, Es muy f\u00e1cil, podes seguirme en las redes sociales y compartiendo esta web. \u00bfQu\u00e9 otra forma? F\u00e1cil puedes donar a trav\u00e9s de PayPal, no hay un monto establecido ni es un requisito para acceder a las descargas. Porque? De esa manera me ayudas a sustentar los gastos de mantenimiento del sitio y mejorarlo. [&hellip;]<\/p>\n","protected":false},"author":1,"featured_media":0,"parent":0,"menu_order":0,"comment_status":"closed","ping_status":"closed","template":"","meta":{"_et_pb_use_builder":"on","_et_pb_old_content":"<!-- wp:divi\/placeholder \/-->","_et_gb_content_width":"","footnotes":""},"class_list":["post-32","page","type-page","status-publish","hentry"],"yoast_head":"<!-- This site is optimized with the Yoast SEO Premium plugin v26.0 (Yoast SEO v27.3) - https:\/\/yoast.com\/product\/yoast-seo-premium-wordpress\/ -->\n<title>Como ayudar?<\/title>\n<meta name=\"description\" content=\"Descarga libros y catalogos de forma gratuita.\" \/>\n<meta name=\"robots\" content=\"index, follow, max-snippet:-1, max-image-preview:large, max-video-preview:-1\" \/>\n<link rel=\"canonical\" href=\"https:\/\/elcofrecolecciones.com\/index.php\/como-ayudarnos\/\" \/>\n<meta property=\"og:locale\" content=\"es_ES\" \/>\n<meta property=\"og:type\" content=\"article\" \/>\n<meta property=\"og:title\" content=\"Como ayudar?\" \/>\n<meta property=\"og:description\" content=\"Descarga libros y catalogos de forma gratuita.\" \/>\n<meta property=\"og:url\" content=\"https:\/\/elcofrecolecciones.com\/index.php\/como-ayudarnos\/\" \/>\n<meta property=\"og:site_name\" content=\"El Cofre Colecciones\" \/>\n<meta property=\"article:modified_time\" content=\"2022-12-01T19:47:31+00:00\" \/>\n<meta name=\"twitter:card\" content=\"summary_large_image\" \/>\n<meta name=\"twitter:label1\" content=\"Tiempo de lectura\" \/>\n\t<meta name=\"twitter:data1\" content=\"1 minuto\" \/>\n<script type=\"application\/ld+json\" class=\"yoast-schema-graph\">{\"@context\":\"https:\\\/\\\/schema.org\",\"@graph\":[{\"@type\":\"WebPage\",\"@id\":\"https:\\\/\\\/elcofrecolecciones.com\\\/index.php\\\/como-ayudarnos\\\/\",\"url\":\"https:\\\/\\\/elcofrecolecciones.com\\\/index.php\\\/como-ayudarnos\\\/\",\"name\":\"Como ayudar?\",\"isPartOf\":{\"@id\":\"https:\\\/\\\/elcofrecolecciones.com\\\/#website\"},\"datePublished\":\"2020-09-28T19:48:40+00:00\",\"dateModified\":\"2022-12-01T19:47:31+00:00\",\"description\":\"Descarga libros y catalogos de forma gratuita.\",\"breadcrumb\":{\"@id\":\"https:\\\/\\\/elcofrecolecciones.com\\\/index.php\\\/como-ayudarnos\\\/#breadcrumb\"},\"inLanguage\":\"es\",\"potentialAction\":[{\"@type\":\"ReadAction\",\"target\":[\"https:\\\/\\\/elcofrecolecciones.com\\\/index.php\\\/como-ayudarnos\\\/\"]}]},{\"@type\":\"BreadcrumbList\",\"@id\":\"https:\\\/\\\/elcofrecolecciones.com\\\/index.php\\\/como-ayudarnos\\\/#breadcrumb\",\"itemListElement\":[{\"@type\":\"ListItem\",\"position\":1,\"name\":\"Portada\",\"item\":\"https:\\\/\\\/elcofrecolecciones.com\\\/\"},{\"@type\":\"ListItem\",\"position\":2,\"name\":\"Como ayudar?\"}]},{\"@type\":\"WebSite\",\"@id\":\"https:\\\/\\\/elcofrecolecciones.com\\\/#website\",\"url\":\"https:\\\/\\\/elcofrecolecciones.com\\\/\",\"name\":\"El Cofre Colecciones\",\"description\":\"El Cofre Coleciones... En el Mundo\",\"potentialAction\":[{\"@type\":\"SearchAction\",\"target\":{\"@type\":\"EntryPoint\",\"urlTemplate\":\"https:\\\/\\\/elcofrecolecciones.com\\\/?s={search_term_string}\"},\"query-input\":{\"@type\":\"PropertyValueSpecification\",\"valueRequired\":true,\"valueName\":\"search_term_string\"}}],\"inLanguage\":\"es\"}]}<\/script>\n<!-- \/ Yoast SEO Premium plugin. -->","yoast_head_json":{"title":"Como ayudar?","description":"Descarga libros y catalogos de forma gratuita.","robots":{"index":"index","follow":"follow","max-snippet":"max-snippet:-1","max-image-preview":"max-image-preview:large","max-video-preview":"max-video-preview:-1"},"canonical":"https:\/\/elcofrecolecciones.com\/index.php\/como-ayudarnos\/","og_locale":"es_ES","og_type":"article","og_title":"Como ayudar?","og_description":"Descarga libros y catalogos de forma gratuita.","og_url":"https:\/\/elcofrecolecciones.com\/index.php\/como-ayudarnos\/","og_site_name":"El Cofre Colecciones","article_modified_time":"2022-12-01T19:47:31+00:00","twitter_card":"summary_large_image","twitter_misc":{"Tiempo de lectura":"1 minuto"},"schema":{"@context":"https:\/\/schema.org","@graph":[{"@type":"WebPage","@id":"https:\/\/elcofrecolecciones.com\/index.php\/como-ayudarnos\/","url":"https:\/\/elcofrecolecciones.com\/index.php\/como-ayudarnos\/","name":"Como ayudar?","isPartOf":{"@id":"https:\/\/elcofrecolecciones.com\/#website"},"datePublished":"2020-09-28T19:48:40+00:00","dateModified":"2022-12-01T19:47:31+00:00","description":"Descarga libros y catalogos de forma gratuita.","breadcrumb":{"@id":"https:\/\/elcofrecolecciones.com\/index.php\/como-ayudarnos\/#breadcrumb"},"inLanguage":"es","potentialAction":[{"@type":"ReadAction","target":["https:\/\/elcofrecolecciones.com\/index.php\/como-ayudarnos\/"]}]},{"@type":"BreadcrumbList","@id":"https:\/\/elcofrecolecciones.com\/index.php\/como-ayudarnos\/#breadcrumb","itemListElement":[{"@type":"ListItem","position":1,"name":"Portada","item":"https:\/\/elcofrecolecciones.com\/"},{"@type":"ListItem","position":2,"name":"Como ayudar?"}]},{"@type":"WebSite","@id":"https:\/\/elcofrecolecciones.com\/#website","url":"https:\/\/elcofrecolecciones.com\/","name":"El Cofre Colecciones","description":"El Cofre Coleciones... En el Mundo","potentialAction":[{"@type":"SearchAction","target":{"@type":"EntryPoint","urlTemplate":"https:\/\/elcofrecolecciones.com\/?s={search_term_string}"},"query-input":{"@type":"PropertyValueSpecification","valueRequired":true,"valueName":"search_term_string"}}],"inLanguage":"es"}]}},"_links":{"self":[{"href":"https:\/\/elcofrecolecciones.com\/index.php\/wp-json\/wp\/v2\/pages\/32","targetHints":{"allow":["GET"]}}],"collection":[{"href":"https:\/\/elcofrecolecciones.com\/index.php\/wp-json\/wp\/v2\/pages"}],"about":[{"href":"https:\/\/elcofrecolecciones.com\/index.php\/wp-json\/wp\/v2\/types\/page"}],"author":[{"embeddable":true,"href":"https:\/\/elcofrecolecciones.com\/index.php\/wp-json\/wp\/v2\/users\/1"}],"replies":[{"embeddable":true,"href":"https:\/\/elcofrecolecciones.com\/index.php\/wp-json\/wp\/v2\/comments?post=32"}],"version-history":[{"count":0,"href":"https:\/\/elcofrecolecciones.com\/index.php\/wp-json\/wp\/v2\/pages\/32\/revisions"}],"wp:attachment":[{"href":"https:\/\/elcofrecolecciones.com\/index.php\/wp-json\/wp\/v2\/media?parent=32"}],"curies":[{"name":"wp","href":"https:\/\/api.w.org\/{rel}","templated":true}]}}