{"id":34,"date":"2020-09-28T19:49:14","date_gmt":"2020-09-28T19:49:14","guid":{"rendered":"https:\/\/www.elcofrecolecciones.com\/?page_id=34"},"modified":"2021-01-31T00:00:42","modified_gmt":"2021-01-31T00:00:42","slug":"paginas-de-interes","status":"publish","type":"page","link":"https:\/\/elcofrecolecciones.com\/index.php\/paginas-de-interes\/","title":{"rendered":"Paginas de Interes"},"content":{"rendered":"<p>[et_pb_section fb_built=\u00bb1&#8243; _builder_version=\u00bb4.8.1&#8243; _module_preset=\u00bbdefault\u00bb background_color=\u00bb#403d39&#8243;][et_pb_row _builder_version=\u00bb4.8.1&#8243; _module_preset=\u00bbdefault\u00bb][et_pb_column type=\u00bb4_4&#8243; _builder_version=\u00bb4.8.1&#8243; _module_preset=\u00bbdefault\u00bb][et_pb_divider color=\u00bb#eb5e28&#8243; divider_weight=\u00bb4px\u00bb _builder_version=\u00bb4.8.1&#8243; _module_preset=\u00bbdefault\u00bb background_color=\u00bb#403d39&#8243;][\/et_pb_divider][\/et_pb_column][\/et_pb_row][\/et_pb_section][et_pb_section fb_built=\u00bb1&#8243; _builder_version=\u00bb4.8.1&#8243; _module_preset=\u00bbdefault\u00bb background_color=\u00bb#403d39&#8243;][et_pb_row _builder_version=\u00bb4.8.1&#8243; _module_preset=\u00bbdefault\u00bb][et_pb_column type=\u00bb4_4&#8243; _builder_version=\u00bb4.8.1&#8243; _module_preset=\u00bbdefault\u00bb][et_pb_text _builder_version=\u00bb4.8.1&#8243; _module_preset=\u00bbdefault\u00bb text_font=\u00bbArial|800|||||||\u00bb text_text_color=\u00bb#eb5e28&#8243; text_font_size=\u00bb27px\u00bb text_orientation=\u00bbcenter\u00bb custom_margin=\u00bb||54px|||\u00bb text_text_shadow_style=\u00bbpreset3&#8243; text_text_shadow_horizontal_length=\u00bb0.37em\u00bb text_text_shadow_blur_strength=\u00bb1.11em\u00bb text_text_shadow_color=\u00bb#000000&#8243;]Instituciones y mas&#8230;[\/et_pb_text][\/et_pb_column][\/et_pb_row][et_pb_row _builder_version=\u00bb4.8.1&#8243; _module_preset=\u00bbdefault\u00bb][et_pb_column type=\u00bb4_4&#8243; _builder_version=\u00bb4.8.1&#8243; _module_preset=\u00bbdefault\u00bb][et_pb_text content_tablet=\u00bb\u00bb content_phone=\u00bb\u00bb content_last_edited=\u00bbon|desktop\u00bb _builder_version=\u00bb4.8.1&#8243; _module_preset=\u00bbdefault\u00bb text_font=\u00bbArial|700|||||||\u00bb text_text_color=\u00bb#0C71C3&#8243; text_font_size=\u00bb23px\u00bb text_orientation=\u00bbcenter\u00bb link_option_url=\u00bbhttp:\/\/iunuy.org\/\u00bb link_option_url_new_window=\u00bbon\u00bb]Instituto Uruguayo de Numism\u00e1tica[\/et_pb_text][et_pb_text content_tablet=\u00bb\u00bb content_phone=\u00bb\u00bb content_last_edited=\u00bbon|desktop\u00bb _builder_version=\u00bb4.8.1&#8243; _module_preset=\u00bbdefault\u00bb text_font=\u00bbArial|700|||||||\u00bb text_text_color=\u00bb#0C71C3&#8243; text_font_size=\u00bb23px\u00bb text_orientation=\u00bbcenter\u00bb link_option_url=\u00bbhttp:\/\/cnba.org.ar\/index.html\u00bb link_option_url_new_window=\u00bbon\u00bb]Centro Numism\u00e1tico Buenos Aires[\/et_pb_text][et_pb_text content_tablet=\u00bb\u00bb content_phone=\u00bb\u00bb content_last_edited=\u00bbon|desktop\u00bb _builder_version=\u00bb4.8.1&#8243; _module_preset=\u00bbdefault\u00bb text_font=\u00bbArial|700|||||||\u00bb text_text_color=\u00bb#0C71C3&#8243; text_font_size=\u00bb23px\u00bb text_orientation=\u00bbcenter\u00bb link_option_url=\u00bbhttp:\/\/www.fenyma.org.ar\/\u00bb link_option_url_new_window=\u00bbon\u00bb]Federaci\u00f3n de Entidades Numism\u00e1ticas y Medall\u00edsticas  Argentinas[\/et_pb_text][et_pb_text content_tablet=\u00bb\u00bb content_phone=\u00bb\u00bb content_last_edited=\u00bbon|desktop\u00bb _builder_version=\u00bb4.8.2&#8243; _module_preset=\u00bbdefault\u00bb text_font=\u00bbArial|700|||||||\u00bb text_text_color=\u00bb#0C71C3&#8243; text_font_size=\u00bb23px\u00bb text_orientation=\u00bbcenter\u00bb link_option_url=\u00bbhttp:\/\/www.cnba.org.ar\/\u00bb link_option_url_new_window=\u00bbon\u00bb]<\/p>\n<p>Centro Numism\u00e1tico Buenos Aires<\/p>\n<p>[\/et_pb_text][et_pb_text content_tablet=\u00bb\u00bb content_phone=\u00bb\u00bb content_last_edited=\u00bbon|desktop\u00bb _builder_version=\u00bb4.8.1&#8243; _module_preset=\u00bbdefault\u00bb text_font=\u00bbArial|700|||||||\u00bb text_text_color=\u00bb#0C71C3&#8243; text_font_size=\u00bb23px\u00bb text_orientation=\u00bbcenter\u00bb link_option_url=\u00bbhttps:\/\/www.siaen.org\/web\/siaen\/home\u00bb link_option_url_new_window=\u00bbon\u00bb]Sociedad Iberoamericana de Estudios Numism\u00e1ticos[\/et_pb_text][et_pb_text content_tablet=\u00bb\u00bb content_phone=\u00bb\u00bb content_last_edited=\u00bbon|desktop\u00bb _builder_version=\u00bb4.8.2&#8243; _module_preset=\u00bbdefault\u00bb text_font=\u00bbArial|700|||||||\u00bb text_text_color=\u00bb#0C71C3&#8243; text_font_size=\u00bb23px\u00bb text_orientation=\u00bbcenter\u00bb link_option_url=\u00bbhttp:\/\/www.sociedadnumismaticadecolombia.com\/\u00bb link_option_url_new_window=\u00bbon\u00bb]<\/p>\n<p>Sociedad Numism\u00e1tica de Colombia<\/p>\n<p>[\/et_pb_text][et_pb_text content_tablet=\u00bb\u00bb content_phone=\u00bb\u00bb content_last_edited=\u00bbon|desktop\u00bb _builder_version=\u00bb4.8.2&#8243; _module_preset=\u00bbdefault\u00bb text_font=\u00bbArial|700|||||||\u00bb text_text_color=\u00bb#0C71C3&#8243; text_font_size=\u00bb23px\u00bb text_orientation=\u00bbcenter\u00bb link_option_url=\u00bbhttp:\/\/www.snb.org.br\/portal\/\u00bb link_option_url_new_window=\u00bbon\u00bb]<\/p>\n<p>Sociedad Numism\u00e1tica Brasileira<\/p>\n<p>[\/et_pb_text][et_pb_text content_tablet=\u00bb\u00bb content_phone=\u00bb\u00bb content_last_edited=\u00bbon|desktop\u00bb _builder_version=\u00bb4.8.2&#8243; _module_preset=\u00bbdefault\u00bb text_font=\u00bbArial|700|||||||\u00bb text_text_color=\u00bb#0C71C3&#8243; text_font_size=\u00bb23px\u00bb text_orientation=\u00bbcenter\u00bb link_option_url=\u00bbhttp:\/\/www.sociedadnumismaticadominicana.org\/\u00bb link_option_url_new_window=\u00bbon\u00bb]<\/p>\n<p>Sociedad Numism\u00e1tica Dominicana<\/p>\n<p>[\/et_pb_text][et_pb_text content_tablet=\u00bb\u00bb content_phone=\u00bb\u00bb content_last_edited=\u00bbon|desktop\u00bb _builder_version=\u00bb4.8.2&#8243; _module_preset=\u00bbdefault\u00bb text_font=\u00bbArial|700|||||||\u00bb text_text_color=\u00bb#0C71C3&#8243; text_font_size=\u00bb23px\u00bb text_orientation=\u00bbcenter\u00bb link_option_url=\u00bbhttps:\/\/www.sonumex.org.mx\/\u00bb link_option_url_new_window=\u00bbon\u00bb]<\/p>\n<p>Sociedad Numism\u00e1tica de Mexico<\/p>\n<p>[\/et_pb_text][et_pb_text content_tablet=\u00bb\u00bb content_phone=\u00bb\u00bb content_last_edited=\u00bbon|desktop\u00bb _builder_version=\u00bb4.8.2&#8243; _module_preset=\u00bbdefault\u00bb text_font=\u00bbArial|700|||||||\u00bb text_text_color=\u00bb#0C71C3&#8243; text_font_size=\u00bb23px\u00bb text_orientation=\u00bbcenter\u00bb link_option_url=\u00bbhttp:\/\/numismatica.org.pe\/\u00bb link_option_url_new_window=\u00bbon\u00bb]<\/p>\n<p>Sociedad Numism\u00e1tica de Per\u00fa<\/p>\n<p>[\/et_pb_text][et_pb_text content_tablet=\u00bb\u00bb content_phone=\u00bb\u00bb content_last_edited=\u00bbon|desktop\u00bb _builder_version=\u00bb4.8.2&#8243; _module_preset=\u00bbdefault\u00bb text_font=\u00bbArial|700|||||||\u00bb text_text_color=\u00bb#0C71C3&#8243; text_font_size=\u00bb23px\u00bb text_orientation=\u00bbcenter\u00bb link_option_url=\u00bbhttp:\/\/spnumismatica.pt\/\u00bb link_option_url_new_window=\u00bbon\u00bb]<\/p>\n<p>Sociedad Portuguesa de Numism\u00e1tica<\/p>\n<p>[\/et_pb_text][et_pb_text content_tablet=\u00bb\u00bb content_phone=\u00bb\u00bb content_last_edited=\u00bbon|desktop\u00bb _builder_version=\u00bb4.8.2&#8243; _module_preset=\u00bbdefault\u00bb text_font=\u00bbArial|700|||||||\u00bb text_text_color=\u00bb#0C71C3&#8243; text_font_size=\u00bb23px\u00bb text_orientation=\u00bbcenter\u00bb link_option_url=\u00bbhttp:\/\/www.anuch.cl\/\u00bb link_option_url_new_window=\u00bbon\u00bb]<\/p>\n<p>Asociaci\u00f3n Numism\u00e1tica de Chile<\/p>\n<p>[\/et_pb_text][et_pb_text content_tablet=\u00bb\u00bb content_phone=\u00bb\u00bb content_last_edited=\u00bbon|desktop\u00bb _builder_version=\u00bb4.8.2&#8243; _module_preset=\u00bbdefault\u00bb text_font=\u00bbArial|700|||||||\u00bb text_text_color=\u00bb#0C71C3&#8243; text_font_size=\u00bb23px\u00bb text_orientation=\u00bbcenter\u00bb link_option_url=\u00bbhttp:\/\/aconupa.org\/web\/\u00bb link_option_url_new_window=\u00bbon\u00bb]<\/p>\n<p>Asociaci\u00f3n de Coleccionistas Numism\u00e1ticos &#8211; Paraguay<\/p>\n<p>[\/et_pb_text][et_pb_text content_tablet=\u00bb\u00bb content_phone=\u00bb\u00bb content_last_edited=\u00bbon|desktop\u00bb _builder_version=\u00bb4.8.2&#8243; _module_preset=\u00bbdefault\u00bb text_font=\u00bbArial|700|||||||\u00bb text_text_color=\u00bb#0C71C3&#8243; text_font_size=\u00bb23px\u00bb text_orientation=\u00bbcenter\u00bb link_option_url=\u00bbhttps:\/\/www.asonum.org\/\u00bb link_option_url_new_window=\u00bbon\u00bb]<\/p>\n<p>Asociaci\u00f3n Numism\u00e1tica de Panam\u00e1<\/p>\n<p>[\/et_pb_text][et_pb_text content_tablet=\u00bb\u00bb content_phone=\u00bb\u00bb content_last_edited=\u00bbon|desktop\u00bb _builder_version=\u00bb4.8.2&#8243; _module_preset=\u00bbdefault\u00bb text_font=\u00bbArial|700|||||||\u00bb text_text_color=\u00bb#0C71C3&#8243; text_font_size=\u00bb23px\u00bb text_orientation=\u00bbcenter\u00bb link_option_url=\u00bbhttps:\/\/numisane.org\/\u00bb link_option_url_new_window=\u00bbon\u00bb]<\/p>\n<p>Asociaci\u00f3n Numism\u00e1tica Espa\u00f1ola<\/p>\n<p>[\/et_pb_text][et_pb_text content_tablet=\u00bb\u00bb content_phone=\u00bb\u00bb content_last_edited=\u00bbon|desktop\u00bb _builder_version=\u00bb4.8.2&#8243; _module_preset=\u00bbdefault\u00bb text_font=\u00bbArial|700|||||||\u00bb text_text_color=\u00bb#0C71C3&#8243; text_font_size=\u00bb23px\u00bb text_orientation=\u00bbcenter\u00bb link_option_url=\u00bbhttp:\/\/www.asonumismaticacr.com\/\u00bb link_option_url_new_window=\u00bbon\u00bb]<\/p>\n<p>Asociaci\u00f3n Numism\u00e1tica Costarricense<\/p>\n<p>[\/et_pb_text][et_pb_text content_tablet=\u00bb\u00bb content_phone=\u00bb\u00bb content_last_edited=\u00bbon|desktop\u00bb _builder_version=\u00bb4.8.1&#8243; _module_preset=\u00bbdefault\u00bb text_font=\u00bbArial|700|||||||\u00bb text_text_color=\u00bb#0C71C3&#8243; text_font_size=\u00bb23px\u00bb text_orientation=\u00bbcenter\u00bb custom_margin=\u00bb||33px|||\u00bb link_option_url=\u00bbhttps:\/\/numiscol.com\/\u00bb link_option_url_new_window=\u00bbon\u00bb]Fundaci\u00f3n Numism\u00e1ticos Colombianos[\/et_pb_text][et_pb_text content_tablet=\u00bb\u00bb content_phone=\u00bb\u00bb content_last_edited=\u00bbon|desktop\u00bb _builder_version=\u00bb4.8.1&#8243; _module_preset=\u00bbdefault\u00bb text_font=\u00bbArial|700|||||||\u00bb text_text_color=\u00bb#0C71C3&#8243; text_font_size=\u00bb23px\u00bb text_orientation=\u00bbcenter\u00bb custom_margin=\u00bb||33px|||\u00bb link_option_url=\u00bbhttps:\/\/www.peruvianbanknotes.com\/\u00bb link_option_url_new_window=\u00bbon\u00bb]Grupo Cultural Peruvian Banknotes[\/et_pb_text][\/et_pb_column][\/et_pb_row][\/et_pb_section][et_pb_section fb_built=\u00bb1&#8243; _builder_version=\u00bb4.8.1&#8243; _module_preset=\u00bbdefault\u00bb background_color=\u00bb#403d39&#8243;][et_pb_row _builder_version=\u00bb4.8.1&#8243; _module_preset=\u00bbdefault\u00bb][et_pb_column type=\u00bb4_4&#8243; _builder_version=\u00bb4.8.1&#8243; _module_preset=\u00bbdefault\u00bb][et_pb_divider color=\u00bb#eb5e28&#8243; divider_weight=\u00bb4px\u00bb _builder_version=\u00bb4.8.1&#8243; _module_preset=\u00bbdefault\u00bb custom_padding=\u00bb||0px|||\u00bb][\/et_pb_divider][\/et_pb_column][\/et_pb_row][\/et_pb_section]<\/p>\n","protected":false},"excerpt":{"rendered":"<p>Instituciones y mas&#8230;Instituto Uruguayo de Numism\u00e1ticaCentro Numism\u00e1tico Buenos AiresFederaci\u00f3n de Entidades Numism\u00e1ticas y Medall\u00edsticas ArgentinasCentro Numism\u00e1tico Buenos AiresSociedad Iberoamericana de Estudios Numism\u00e1ticosSociedad Numism\u00e1tica de ColombiaSociedad Numism\u00e1tica BrasileiraSociedad Numism\u00e1tica DominicanaSociedad Numism\u00e1tica de MexicoSociedad Numism\u00e1tica de Per\u00faSociedad Portuguesa de Numism\u00e1ticaAsociaci\u00f3n Numism\u00e1tica de ChileAsociaci\u00f3n de Coleccionistas Numism\u00e1ticos &#8211; ParaguayAsociaci\u00f3n Numism\u00e1tica de Panam\u00e1Asociaci\u00f3n Numism\u00e1tica Espa\u00f1olaAsociaci\u00f3n Numism\u00e1tica CostarricenseFundaci\u00f3n Numism\u00e1ticos ColombianosGrupo [&hellip;]<\/p>\n","protected":false},"author":1,"featured_media":0,"parent":0,"menu_order":0,"comment_status":"closed","ping_status":"closed","template":"","meta":{"_et_pb_use_builder":"on","_et_pb_old_content":"<!-- wp:divi\/placeholder \/-->","_et_gb_content_width":"","footnotes":""},"class_list":["post-34","page","type-page","status-publish","hentry"],"yoast_head":"<!-- This site is optimized with the Yoast SEO Premium plugin v26.0 (Yoast SEO v27.5) - https:\/\/yoast.com\/product\/yoast-seo-premium-wordpress\/ -->\n<title>Paginas de Interes<\/title>\n<meta name=\"description\" content=\"Descarga libros y catalogos de forma gratuita.\" \/>\n<meta name=\"robots\" content=\"index, follow, max-snippet:-1, max-image-preview:large, max-video-preview:-1\" \/>\n<link rel=\"canonical\" href=\"https:\/\/elcofrecolecciones.com\/index.php\/paginas-de-interes\/\" \/>\n<meta property=\"og:locale\" content=\"es_ES\" \/>\n<meta property=\"og:type\" content=\"article\" \/>\n<meta property=\"og:title\" content=\"Paginas de Interes\" \/>\n<meta property=\"og:description\" content=\"Descarga libros y catalogos de forma gratuita.\" \/>\n<meta property=\"og:url\" content=\"https:\/\/elcofrecolecciones.com\/index.php\/paginas-de-interes\/\" \/>\n<meta property=\"og:site_name\" content=\"El Cofre Colecciones\" \/>\n<meta property=\"article:modified_time\" content=\"2021-01-31T00:00:42+00:00\" \/>\n<meta name=\"twitter:card\" content=\"summary_large_image\" \/>\n<meta name=\"twitter:label1\" content=\"Tiempo de lectura\" \/>\n\t<meta name=\"twitter:data1\" content=\"6 minutos\" \/>\n<script type=\"application\/ld+json\" class=\"yoast-schema-graph\">{\"@context\":\"https:\\\/\\\/schema.org\",\"@graph\":[{\"@type\":\"WebPage\",\"@id\":\"https:\\\/\\\/elcofrecolecciones.com\\\/index.php\\\/paginas-de-interes\\\/\",\"url\":\"https:\\\/\\\/elcofrecolecciones.com\\\/index.php\\\/paginas-de-interes\\\/\",\"name\":\"Paginas de Interes\",\"isPartOf\":{\"@id\":\"https:\\\/\\\/elcofrecolecciones.com\\\/#website\"},\"datePublished\":\"2020-09-28T19:49:14+00:00\",\"dateModified\":\"2021-01-31T00:00:42+00:00\",\"description\":\"Descarga libros y catalogos de forma gratuita.\",\"breadcrumb\":{\"@id\":\"https:\\\/\\\/elcofrecolecciones.com\\\/index.php\\\/paginas-de-interes\\\/#breadcrumb\"},\"inLanguage\":\"es\",\"potentialAction\":[{\"@type\":\"ReadAction\",\"target\":[\"https:\\\/\\\/elcofrecolecciones.com\\\/index.php\\\/paginas-de-interes\\\/\"]}]},{\"@type\":\"BreadcrumbList\",\"@id\":\"https:\\\/\\\/elcofrecolecciones.com\\\/index.php\\\/paginas-de-interes\\\/#breadcrumb\",\"itemListElement\":[{\"@type\":\"ListItem\",\"position\":1,\"name\":\"Portada\",\"item\":\"https:\\\/\\\/elcofrecolecciones.com\\\/\"},{\"@type\":\"ListItem\",\"position\":2,\"name\":\"Paginas de Interes\"}]},{\"@type\":\"WebSite\",\"@id\":\"https:\\\/\\\/elcofrecolecciones.com\\\/#website\",\"url\":\"https:\\\/\\\/elcofrecolecciones.com\\\/\",\"name\":\"El Cofre Colecciones\",\"description\":\"El Cofre Coleciones... En el Mundo\",\"potentialAction\":[{\"@type\":\"SearchAction\",\"target\":{\"@type\":\"EntryPoint\",\"urlTemplate\":\"https:\\\/\\\/elcofrecolecciones.com\\\/?s={search_term_string}\"},\"query-input\":{\"@type\":\"PropertyValueSpecification\",\"valueRequired\":true,\"valueName\":\"search_term_string\"}}],\"inLanguage\":\"es\"}]}<\/script>\n<!-- \/ Yoast SEO Premium plugin. -->","yoast_head_json":{"title":"Paginas de Interes","description":"Descarga libros y catalogos de forma gratuita.","robots":{"index":"index","follow":"follow","max-snippet":"max-snippet:-1","max-image-preview":"max-image-preview:large","max-video-preview":"max-video-preview:-1"},"canonical":"https:\/\/elcofrecolecciones.com\/index.php\/paginas-de-interes\/","og_locale":"es_ES","og_type":"article","og_title":"Paginas de Interes","og_description":"Descarga libros y catalogos de forma gratuita.","og_url":"https:\/\/elcofrecolecciones.com\/index.php\/paginas-de-interes\/","og_site_name":"El Cofre Colecciones","article_modified_time":"2021-01-31T00:00:42+00:00","twitter_card":"summary_large_image","twitter_misc":{"Tiempo de lectura":"6 minutos"},"schema":{"@context":"https:\/\/schema.org","@graph":[{"@type":"WebPage","@id":"https:\/\/elcofrecolecciones.com\/index.php\/paginas-de-interes\/","url":"https:\/\/elcofrecolecciones.com\/index.php\/paginas-de-interes\/","name":"Paginas de Interes","isPartOf":{"@id":"https:\/\/elcofrecolecciones.com\/#website"},"datePublished":"2020-09-28T19:49:14+00:00","dateModified":"2021-01-31T00:00:42+00:00","description":"Descarga libros y catalogos de forma gratuita.","breadcrumb":{"@id":"https:\/\/elcofrecolecciones.com\/index.php\/paginas-de-interes\/#breadcrumb"},"inLanguage":"es","potentialAction":[{"@type":"ReadAction","target":["https:\/\/elcofrecolecciones.com\/index.php\/paginas-de-interes\/"]}]},{"@type":"BreadcrumbList","@id":"https:\/\/elcofrecolecciones.com\/index.php\/paginas-de-interes\/#breadcrumb","itemListElement":[{"@type":"ListItem","position":1,"name":"Portada","item":"https:\/\/elcofrecolecciones.com\/"},{"@type":"ListItem","position":2,"name":"Paginas de Interes"}]},{"@type":"WebSite","@id":"https:\/\/elcofrecolecciones.com\/#website","url":"https:\/\/elcofrecolecciones.com\/","name":"El Cofre Colecciones","description":"El Cofre Coleciones... En el Mundo","potentialAction":[{"@type":"SearchAction","target":{"@type":"EntryPoint","urlTemplate":"https:\/\/elcofrecolecciones.com\/?s={search_term_string}"},"query-input":{"@type":"PropertyValueSpecification","valueRequired":true,"valueName":"search_term_string"}}],"inLanguage":"es"}]}},"_links":{"self":[{"href":"https:\/\/elcofrecolecciones.com\/index.php\/wp-json\/wp\/v2\/pages\/34","targetHints":{"allow":["GET"]}}],"collection":[{"href":"https:\/\/elcofrecolecciones.com\/index.php\/wp-json\/wp\/v2\/pages"}],"about":[{"href":"https:\/\/elcofrecolecciones.com\/index.php\/wp-json\/wp\/v2\/types\/page"}],"author":[{"embeddable":true,"href":"https:\/\/elcofrecolecciones.com\/index.php\/wp-json\/wp\/v2\/users\/1"}],"replies":[{"embeddable":true,"href":"https:\/\/elcofrecolecciones.com\/index.php\/wp-json\/wp\/v2\/comments?post=34"}],"version-history":[{"count":0,"href":"https:\/\/elcofrecolecciones.com\/index.php\/wp-json\/wp\/v2\/pages\/34\/revisions"}],"wp:attachment":[{"href":"https:\/\/elcofrecolecciones.com\/index.php\/wp-json\/wp\/v2\/media?parent=34"}],"curies":[{"name":"wp","href":"https:\/\/api.w.org\/{rel}","templated":true}]}}